{"id":406,"date":"2016-09-27T09:51:22","date_gmt":"2016-09-27T09:51:22","guid":{"rendered":"http:\/\/fitness2.mythemecloud.io\/?page_id=406"},"modified":"2025-04-28T19:35:02","modified_gmt":"2025-04-28T17:35:02","slug":"studio","status":"publish","type":"page","link":"https:\/\/www.tangoloco.fr\/index.php\/studio\/","title":{"rendered":"Studio"},"content":{"rendered":"\t\t<div data-elementor-type=\"wp-page\" data-elementor-id=\"406\" class=\"elementor elementor-406\" data-elementor-settings=\"[]\">\n\t\t\t\t\t\t\t<div class=\"elementor-section-wrap\">\n\t\t\t\t\t\t\t<section class=\"elementor-section elementor-top-section elementor-element elementor-element-ybrx6zd elementor-section-content-middle elementor-section-boxed elementor-section-height-default elementor-section-height-default\" data-id=\"ybrx6zd\" data-element_type=\"section\">\n\t\t\t\t\t\t<div class=\"elementor-container elementor-column-gap-default\">\n\t\t\t\t\t<div class=\"elementor-column elementor-col-50 elementor-top-column elementor-element elementor-element-nm7wyr2\" data-id=\"nm7wyr2\" data-element_type=\"column\">\n\t\t\t<div class=\"elementor-widget-wrap elementor-element-populated\">\n\t\t\t\t\t\t\t\t<div class=\"elementor-element elementor-element-shc2be8 elementor-widget elementor-widget-image\" data-id=\"shc2be8\" data-element_type=\"widget\" data-widget_type=\"image.default\">\n\t\t\t\t<div class=\"elementor-widget-container\">\n\t\t\t\t\t\t\t\t\t\t\t\t\t\t\t<img width=\"609\" height=\"708\" src=\"https:\/\/www.tangoloco.fr\/wp-content\/uploads\/2021\/10\/Carolina-2.jpg\" class=\"attachment-full size-full\" alt=\"\" loading=\"lazy\" srcset=\"https:\/\/www.tangoloco.fr\/wp-content\/uploads\/2021\/10\/Carolina-2.jpg 609w, https:\/\/www.tangoloco.fr\/wp-content\/uploads\/2021\/10\/Carolina-2-258x300.jpg 258w\" sizes=\"(max-width: 609px) 100vw, 609px\" \/>\t\t\t\t\t\t\t\t\t\t\t\t\t\t\t<\/div>\n\t\t\t\t<\/div>\n\t\t\t\t\t<\/div>\n\t\t<\/div>\n\t\t\t\t<div class=\"elementor-column elementor-col-50 elementor-top-column elementor-element elementor-element-r7gqrhq\" data-id=\"r7gqrhq\" data-element_type=\"column\">\n\t\t\t<div class=\"elementor-widget-wrap elementor-element-populated\">\n\t\t\t\t\t\t\t\t<div class=\"elementor-element elementor-element-x4fpxui elementor-widget elementor-widget-text-editor\" data-id=\"x4fpxui\" data-element_type=\"widget\" data-widget_type=\"text-editor.default\">\n\t\t\t\t<div class=\"elementor-widget-container\">\n\t\t\t\t\t\t\t<p><b style=\"font-size: 15px;\">\u00a0<\/b><\/p><h1><b style=\"font-size: 15px;\">Notre association\u00a0:<\/b><\/h1><p><span style=\"font-size: 15px;\">Cr\u00e9\u00e9 en septembre 2004, Tango Loco s&rsquo;est donn\u00e9 pour but de faire d\u00e9couvrir la beaut\u00e9 et les subtilit\u00e9s d&rsquo;un tango authentique, bas\u00e9 sur l&rsquo;\u00e9coute et la communication avec l&rsquo;autre.<\/span><\/p><p><span style=\"font-size: 15px;\">Op\u00e9ration r\u00e9ussie, aujourd&rsquo;hui, une grande majorit\u00e9 de tangueros et tangueras bl\u00e9sois abordent leur nouvelle ann\u00e9e de danse avec un enthousiasme communicatif. Ainsi, s&rsquo;est constitu\u00e9 un noyau de base qui transmet son approche du tango \u00e0 tous ceux qui le rejoignent et participe ainsi \u00e0 la diffusion d&rsquo;un tango dans la pure tradition de la voie orale.<\/span><\/p><p><span style=\"font-size: 15px;\">Les cours sont dispens\u00e9s en alternance avec des s\u00e9ances de pratiques qui permettent de cr\u00e9er des conditions de danse proches de celles rencontr\u00e9es lors d&rsquo;un bal.<\/span><\/p><p><span style=\"font-size: 15px;\">La \u00ab\u00a0Milonga des rois\u00a0\u00bb en janvier et la \u00ab\u00a0Milonga primavera\u00a0\u00bb au printemps, constituent les deux moments o\u00f9 Tango Loco r\u00e9unit les passionn\u00e9s des associations amies telles que Tours, Orl\u00e9ans, Bourges, Le Mans&#8230;<\/span><\/p>\t\t\t\t\t\t<\/div>\n\t\t\t\t<\/div>\n\t\t\t\t\t<\/div>\n\t\t<\/div>\n\t\t\t\t\t\t\t<\/div>\n\t\t<\/section>\n\t\t\t\t\t\t<\/div>\n\t\t\t\t\t<\/div>\n\t\t","protected":false},"excerpt":{"rendered":"<p>\u00a0 Notre association\u00a0: Cr\u00e9\u00e9 en septembre 2004, Tango Loco s&rsquo;est donn\u00e9 pour but de faire d\u00e9couvrir la beaut\u00e9 et les subtilit\u00e9s d&rsquo;un tango authentique, bas\u00e9 sur l&rsquo;\u00e9coute et la communication avec l&rsquo;autre. Op\u00e9ration r\u00e9ussie, aujourd&rsquo;hui, une grande majorit\u00e9 de tangueros et tangueras bl\u00e9sois abordent leur nouvelle ann\u00e9e de danse avec un enthousiasme communicatif. Ainsi, s&rsquo;est [&hellip;]<\/p>\n","protected":false},"author":1,"featured_media":0,"parent":0,"menu_order":0,"comment_status":"closed","ping_status":"closed","template":"","meta":[],"_links":{"self":[{"href":"https:\/\/www.tangoloco.fr\/index.php\/wp-json\/wp\/v2\/pages\/406"}],"collection":[{"href":"https:\/\/www.tangoloco.fr\/index.php\/wp-json\/wp\/v2\/pages"}],"about":[{"href":"https:\/\/www.tangoloco.fr\/index.php\/wp-json\/wp\/v2\/types\/page"}],"author":[{"embeddable":true,"href":"https:\/\/www.tangoloco.fr\/index.php\/wp-json\/wp\/v2\/users\/1"}],"replies":[{"embeddable":true,"href":"https:\/\/www.tangoloco.fr\/index.php\/wp-json\/wp\/v2\/comments?post=406"}],"version-history":[{"count":10,"href":"https:\/\/www.tangoloco.fr\/index.php\/wp-json\/wp\/v2\/pages\/406\/revisions"}],"predecessor-version":[{"id":996,"href":"https:\/\/www.tangoloco.fr\/index.php\/wp-json\/wp\/v2\/pages\/406\/revisions\/996"}],"wp:attachment":[{"href":"https:\/\/www.tangoloco.fr\/index.php\/wp-json\/wp\/v2\/media?parent=406"}],"curies":[{"name":"wp","href":"https:\/\/api.w.org\/{rel}","templated":true}]}}